{"id":88,"date":"2024-02-19T06:43:00","date_gmt":"2024-02-19T06:43:00","guid":{"rendered":"https:\/\/taurusmoonconsultation.com\/?page_id=88"},"modified":"2025-08-29T13:39:08","modified_gmt":"2025-08-29T17:39:08","slug":"home","status":"publish","type":"page","link":"https:\/\/taurusmoonconsultation.com\/fr\/","title":{"rendered":"Accueil"},"content":{"rendered":"<div data-elementor-type=\"wp-page\" data-elementor-id=\"88\" class=\"elementor elementor-88\">\n\t\t\t\t<div class=\"elementor-element elementor-element-48ee630 e-flex e-con-boxed e-con e-parent\" data-id=\"48ee630\" data-element_type=\"container\" data-e-type=\"container\">\n\t\t\t\t\t<div class=\"e-con-inner\">\n\t\t\t\t<div class=\"elementor-element elementor-element-525edad elementor-widget elementor-widget-image\" data-id=\"525edad\" data-element_type=\"widget\" data-e-type=\"widget\" data-widget_type=\"image.default\">\n\t\t\t\t<div class=\"elementor-widget-container\">\n\t\t\t\t\t\t\t\t\t\t\t\t\t\t\t<img fetchpriority=\"high\" decoding=\"async\" width=\"1536\" height=\"864\" src=\"https:\/\/taurusmoonconsultation.com\/wp-content\/uploads\/2024\/02\/Laisse-la-Lune-te-guider2.png\" class=\"attachment-1536x1536 size-1536x1536 wp-image-254\" alt=\"\" srcset=\"https:\/\/taurusmoonconsultation.com\/wp-content\/uploads\/2024\/02\/Laisse-la-Lune-te-guider2.png 2500w, https:\/\/taurusmoonconsultation.com\/wp-content\/uploads\/2024\/02\/Laisse-la-Lune-te-guider2-300x169.png 300w, https:\/\/taurusmoonconsultation.com\/wp-content\/uploads\/2024\/02\/Laisse-la-Lune-te-guider2-1024x576.png 1024w, https:\/\/taurusmoonconsultation.com\/wp-content\/uploads\/2024\/02\/Laisse-la-Lune-te-guider2-768x432.png 768w, https:\/\/taurusmoonconsultation.com\/wp-content\/uploads\/2024\/02\/Laisse-la-Lune-te-guider2-1536x864.png 1536w, https:\/\/taurusmoonconsultation.com\/wp-content\/uploads\/2024\/02\/Laisse-la-Lune-te-guider2-2048x1152.png 2048w, https:\/\/taurusmoonconsultation.com\/wp-content\/uploads\/2024\/02\/Laisse-la-Lune-te-guider2-18x10.png 18w\" sizes=\"(max-width: 1536px) 100vw, 1536px\" \/>\t\t\t\t\t\t\t\t\t\t\t\t\t\t\t<\/div>\n\t\t\t\t<\/div>\n\t\t\t\t<div class=\"elementor-element elementor-element-454d7f8 elementor-widget-divider--view-line elementor-widget elementor-widget-divider\" data-id=\"454d7f8\" data-element_type=\"widget\" data-e-type=\"widget\" data-widget_type=\"divider.default\">\n\t\t\t\t<div class=\"elementor-widget-container\">\n\t\t\t\t\t\t\t<div class=\"elementor-divider\">\n\t\t\t<span class=\"elementor-divider-separator\">\n\t\t\t\t\t\t<\/span>\n\t\t<\/div>\n\t\t\t\t\t\t<\/div>\n\t\t\t\t<\/div>\n\t\t\t\t\t<\/div>\n\t\t\t\t<\/div>\n\t\t<div class=\"elementor-element elementor-element-7ed653e e-flex e-con-boxed e-con e-parent\" data-id=\"7ed653e\" data-element_type=\"container\" data-e-type=\"container\">\n\t\t\t\t\t<div class=\"e-con-inner\">\n\t\t\t\t<div class=\"elementor-element elementor-element-272efd0 elementor-widget-divider--view-line elementor-widget elementor-widget-divider\" data-id=\"272efd0\" data-element_type=\"widget\" data-e-type=\"widget\" data-widget_type=\"divider.default\">\n\t\t\t\t<div class=\"elementor-widget-container\">\n\t\t\t\t\t\t\t<div class=\"elementor-divider\">\n\t\t\t<span class=\"elementor-divider-separator\">\n\t\t\t\t\t\t<\/span>\n\t\t<\/div>\n\t\t\t\t\t\t<\/div>\n\t\t\t\t<\/div>\n\t\t\t\t<div class=\"elementor-element elementor-element-7f77548 elementor-widget elementor-widget-text-editor\" data-id=\"7f77548\" data-element_type=\"widget\" data-e-type=\"widget\" data-widget_type=\"text-editor.default\">\n\t\t\t\t<div class=\"elementor-widget-container\">\n\t\t\t\t\t\t\t\t\t<h2>J'aide les hypersensibles, les empaths et les marginaux comme TOI \u00e0 incorporer ton vrai pouvoir int\u00e9rieur. <\/h2><h2>Imagine de l'encens, accompagn\u00e9 de musique relaxante, d'une doudou toute douce, de nourriture qui sort du four, et d'un breuvage chaud ; <br \/>la Lune en Taureau sait comment rendre une personne confortable!<\/h2><h2>Prends rendez-vous pour clarifier ta mission de vie et ton univers interne.<\/h2>\t\t\t\t\t\t\t\t<\/div>\n\t\t\t\t<\/div>\n\t\t\t\t<div class=\"elementor-element elementor-element-8edf9b4 elementor-widget-divider--view-line elementor-widget elementor-widget-divider\" data-id=\"8edf9b4\" data-element_type=\"widget\" data-e-type=\"widget\" data-widget_type=\"divider.default\">\n\t\t\t\t<div class=\"elementor-widget-container\">\n\t\t\t\t\t\t\t<div class=\"elementor-divider\">\n\t\t\t<span class=\"elementor-divider-separator\">\n\t\t\t\t\t\t<\/span>\n\t\t<\/div>\n\t\t\t\t\t\t<\/div>\n\t\t\t\t<\/div>\n\t\t\t\t<div class=\"elementor-element elementor-element-fc94905 elementor-widget elementor-widget-heading\" data-id=\"fc94905\" data-element_type=\"widget\" data-e-type=\"widget\" data-widget_type=\"heading.default\">\n\t\t\t\t<div class=\"elementor-widget-container\">\n\t\t\t\t\t<h2 class=\"elementor-heading-title elementor-size-default\">Mes services<\/h2>\t\t\t\t<\/div>\n\t\t\t\t<\/div>\n\t\t<div class=\"elementor-element elementor-element-ca43ada e-con-full e-flex e-con e-child\" data-id=\"ca43ada\" data-element_type=\"container\" data-e-type=\"container\">\n\t\t<div class=\"elementor-element elementor-element-5c768c5 e-grid e-con-full e-con e-child\" data-id=\"5c768c5\" data-element_type=\"container\" data-e-type=\"container\">\n\t\t\t\t<div class=\"elementor-element elementor-element-adb84ae elementor-widget elementor-widget-image\" data-id=\"adb84ae\" data-element_type=\"widget\" data-e-type=\"widget\" data-widget_type=\"image.default\">\n\t\t\t\t<div class=\"elementor-widget-container\">\n\t\t\t\t\t\t\t\t\t\t\t\t\t\t\t\t<a href=\"https:\/\/taurusmoonconsultation.com\/fr\/astrology\/\">\n\t\t\t\t\t\t\t<img decoding=\"async\" width=\"549\" height=\"505\" src=\"https:\/\/taurusmoonconsultation.com\/wp-content\/uploads\/2025\/08\/Carte-du-ciel-de-mon-reel.jpg\" class=\"attachment-medium_large size-medium_large wp-image-592\" alt=\"\" srcset=\"https:\/\/taurusmoonconsultation.com\/wp-content\/uploads\/2025\/08\/Carte-du-ciel-de-mon-reel.jpg 549w, https:\/\/taurusmoonconsultation.com\/wp-content\/uploads\/2025\/08\/Carte-du-ciel-de-mon-reel-300x276.jpg 300w, https:\/\/taurusmoonconsultation.com\/wp-content\/uploads\/2025\/08\/Carte-du-ciel-de-mon-reel-13x12.jpg 13w\" sizes=\"(max-width: 549px) 100vw, 549px\" \/>\t\t\t\t\t\t\t\t<\/a>\n\t\t\t\t\t\t\t\t\t\t\t\t\t\t\t<\/div>\n\t\t\t\t<\/div>\n\t\t\t\t<div class=\"elementor-element elementor-element-0851537 elementor-widget elementor-widget-heading\" data-id=\"0851537\" data-element_type=\"widget\" data-e-type=\"widget\" data-widget_type=\"heading.default\">\n\t\t\t\t<div class=\"elementor-widget-container\">\n\t\t\t\t\t<h2 class=\"elementor-heading-title elementor-size-default\"><a href=\"https:\/\/taurusmoonconsultation.com\/fr\/astrology\/\">ASTROLOGIE<\/a><\/h2>\t\t\t\t<\/div>\n\t\t\t\t<\/div>\n\t\t\t\t<div class=\"elementor-element elementor-element-d311795 elementor-widget elementor-widget-image\" data-id=\"d311795\" data-element_type=\"widget\" data-e-type=\"widget\" data-widget_type=\"image.default\">\n\t\t\t\t<div class=\"elementor-widget-container\">\n\t\t\t\t\t\t\t\t\t\t\t\t\t\t\t\t<a href=\"https:\/\/taurusmoonconsultation.com\/fr\/tarot\/\">\n\t\t\t\t\t\t\t<img decoding=\"async\" width=\"200\" height=\"300\" src=\"https:\/\/taurusmoonconsultation.com\/wp-content\/uploads\/2025\/02\/DSCF7142-200x300.jpg\" class=\"attachment-medium size-medium wp-image-545\" alt=\"tarot reading\" srcset=\"https:\/\/taurusmoonconsultation.com\/wp-content\/uploads\/2025\/02\/DSCF7142-200x300.jpg 200w, https:\/\/taurusmoonconsultation.com\/wp-content\/uploads\/2025\/02\/DSCF7142-683x1024.jpg 683w, https:\/\/taurusmoonconsultation.com\/wp-content\/uploads\/2025\/02\/DSCF7142-768x1151.jpg 768w, https:\/\/taurusmoonconsultation.com\/wp-content\/uploads\/2025\/02\/DSCF7142-1025x1536.jpg 1025w, https:\/\/taurusmoonconsultation.com\/wp-content\/uploads\/2025\/02\/DSCF7142-1366x2048.jpg 1366w, https:\/\/taurusmoonconsultation.com\/wp-content\/uploads\/2025\/02\/DSCF7142-8x12.jpg 8w, https:\/\/taurusmoonconsultation.com\/wp-content\/uploads\/2025\/02\/DSCF7142-scaled.jpg 1708w\" sizes=\"(max-width: 200px) 100vw, 200px\" \/>\t\t\t\t\t\t\t\t<\/a>\n\t\t\t\t\t\t\t\t\t\t\t\t\t\t\t<\/div>\n\t\t\t\t<\/div>\n\t\t\t\t<div class=\"elementor-element elementor-element-0de79c3 elementor-widget elementor-widget-heading\" data-id=\"0de79c3\" data-element_type=\"widget\" data-e-type=\"widget\" data-widget_type=\"heading.default\">\n\t\t\t\t<div class=\"elementor-widget-container\">\n\t\t\t\t\t<h2 class=\"elementor-heading-title elementor-size-default\"><a href=\"https:\/\/taurusmoonconsultation.com\/fr\/tarot\/\">TAROT<\/a><\/h2>\t\t\t\t<\/div>\n\t\t\t\t<\/div>\n\t\t\t\t<\/div>\n\t\t\t\t<\/div>\n\t\t\t\t\t<\/div>\n\t\t\t\t<\/div>\n\t\t<div class=\"elementor-element elementor-element-6e354fb e-flex e-con-boxed e-con e-parent\" data-id=\"6e354fb\" data-element_type=\"container\" data-e-type=\"container\">\n\t\t\t\t\t<div class=\"e-con-inner\">\n\t\t\t\t<div class=\"elementor-element elementor-element-c525a5b elementor-widget elementor-widget-text-editor\" data-id=\"c525a5b\" data-element_type=\"widget\" data-e-type=\"widget\" data-widget_type=\"text-editor.default\">\n\t\t\t\t<div class=\"elementor-widget-container\">\n\t\t\t\t\t\t\t\t\t<p><span style=\"text-decoration: underline;\"><strong>Je n'utilise pas l'astrologie ni le tarot comme outils pour pr\u00e9dire le future. Je pr\u00e9f\u00e8re utiliser les informations que je vois et celles que je ressens pour le d\u00e9veloppement personnel et l'introspection.<\/strong><\/span><\/p>\t\t\t\t\t\t\t\t<\/div>\n\t\t\t\t<\/div>\n\t\t\t\t<div class=\"elementor-element elementor-element-c83579e elementor-widget-divider--view-line elementor-widget elementor-widget-divider\" data-id=\"c83579e\" data-element_type=\"widget\" data-e-type=\"widget\" data-widget_type=\"divider.default\">\n\t\t\t\t<div class=\"elementor-widget-container\">\n\t\t\t\t\t\t\t<div class=\"elementor-divider\">\n\t\t\t<span class=\"elementor-divider-separator\">\n\t\t\t\t\t\t<\/span>\n\t\t<\/div>\n\t\t\t\t\t\t<\/div>\n\t\t\t\t<\/div>\n\t\t\t\t<div class=\"elementor-element elementor-element-7237ec0 elementor-align-center elementor-widget elementor-widget-button\" data-id=\"7237ec0\" data-element_type=\"widget\" data-e-type=\"widget\" data-widget_type=\"button.default\">\n\t\t\t\t<div class=\"elementor-widget-container\">\n\t\t\t\t\t\t\t\t\t<div class=\"elementor-button-wrapper\">\n\t\t\t\t\t<a class=\"elementor-button elementor-button-link elementor-size-xl\" href=\"https:\/\/taurusmoonconsultation.com\/fr\/about-me\/\">\n\t\t\t\t\t\t<span class=\"elementor-button-content-wrapper\">\n\t\t\t\t\t\t\t\t\t<span class=\"elementor-button-text\">Qui suis-je?<\/span>\n\t\t\t\t\t<\/span>\n\t\t\t\t\t<\/a>\n\t\t\t\t<\/div>\n\t\t\t\t\t\t\t\t<\/div>\n\t\t\t\t<\/div>\n\t\t\t\t\t<\/div>\n\t\t\t\t<\/div>\n\t\t\t\t<\/div>","protected":false},"excerpt":{"rendered":"<p>Astrology and Tarot Consultation services to empower empaths and misfits. Incense, soothing music, soft blankets, great food, hot beverage ; [&hellip;]<\/p>\n","protected":false},"author":2,"featured_media":0,"parent":0,"menu_order":0,"comment_status":"closed","ping_status":"closed","template":"","meta":{"site-sidebar-layout":"no-sidebar","site-content-layout":"","ast-site-content-layout":"full-width-container","site-content-style":"default","site-sidebar-style":"default","ast-global-header-display":"","ast-banner-title-visibility":"","ast-main-header-display":"","ast-hfb-above-header-display":"","ast-hfb-below-header-display":"","ast-hfb-mobile-header-display":"","site-post-title":"disabled","ast-breadcrumbs-content":"","ast-featured-img":"disabled","footer-sml-layout":"","ast-disable-related-posts":"","theme-transparent-header-meta":"","adv-header-id-meta":"","stick-header-meta":"","header-above-stick-meta":"","header-main-stick-meta":"","header-below-stick-meta":"","astra-migrate-meta-layouts":"default","ast-page-background-enabled":"default","ast-page-background-meta":{"desktop":{"background-color":"var(--ast-global-color-4)","background-image":"","background-repeat":"repeat","background-position":"center center","background-size":"auto","background-attachment":"scroll","background-type":"","background-media":"","overlay-type":"","overlay-color":"","overlay-opacity":"","overlay-gradient":""},"tablet":{"background-color":"","background-image":"","background-repeat":"repeat","background-position":"center center","background-size":"auto","background-attachment":"scroll","background-type":"","background-media":"","overlay-type":"","overlay-color":"","overlay-opacity":"","overlay-gradient":""},"mobile":{"background-color":"","background-image":"","background-repeat":"repeat","background-position":"center center","background-size":"auto","background-attachment":"scroll","background-type":"","background-media":"","overlay-type":"","overlay-color":"","overlay-opacity":"","overlay-gradient":""}},"ast-content-background-meta":{"desktop":{"background-color":"var(--ast-global-color-5)","background-image":"","background-repeat":"repeat","background-position":"center center","background-size":"auto","background-attachment":"scroll","background-type":"","background-media":"","overlay-type":"","overlay-color":"","overlay-opacity":"","overlay-gradient":""},"tablet":{"background-color":"var(--ast-global-color-5)","background-image":"","background-repeat":"repeat","background-position":"center center","background-size":"auto","background-attachment":"scroll","background-type":"","background-media":"","overlay-type":"","overlay-color":"","overlay-opacity":"","overlay-gradient":""},"mobile":{"background-color":"var(--ast-global-color-5)","background-image":"","background-repeat":"repeat","background-position":"center center","background-size":"auto","background-attachment":"scroll","background-type":"","background-media":"","overlay-type":"","overlay-color":"","overlay-opacity":"","overlay-gradient":""}},"footnotes":""},"class_list":["post-88","page","type-page","status-publish","hentry"],"yoast_head":"<!-- This site is optimized with the Yoast SEO plugin v26.9 - https:\/\/yoast.com\/product\/yoast-seo-wordpress\/ -->\n<title>Home - Taurus Moon Consultation<\/title>\n<meta name=\"robots\" content=\"index, follow, max-snippet:-1, max-image-preview:large, max-video-preview:-1\" \/>\n<link rel=\"canonical\" href=\"https:\/\/taurusmoonconsultation.com\/fr\/\" \/>\n<meta property=\"og:locale\" content=\"fr_CA\" \/>\n<meta property=\"og:type\" content=\"article\" \/>\n<meta property=\"og:title\" content=\"Home - Taurus Moon Consultation\" \/>\n<meta property=\"og:description\" content=\"Astrology and Tarot Consultation services to empower empaths and misfits. Incense, soothing music, soft blankets, great food, hot beverage ; [&hellip;]\" \/>\n<meta property=\"og:url\" content=\"https:\/\/taurusmoonconsultation.com\/fr\/\" \/>\n<meta property=\"og:site_name\" content=\"Taurus Moon Consultation\" \/>\n<meta property=\"article:modified_time\" content=\"2025-08-29T17:39:08+00:00\" \/>\n<meta property=\"og:image\" content=\"https:\/\/taurusmoonconsultation.com\/wp-content\/uploads\/2024\/02\/let-the-moon-guide-you3-1024x576.png\" \/>\n\t<meta property=\"og:image:width\" content=\"1024\" \/>\n\t<meta property=\"og:image:height\" content=\"576\" \/>\n\t<meta property=\"og:image:type\" content=\"image\/png\" \/>\n<meta name=\"twitter:card\" content=\"summary_large_image\" \/>\n<meta name=\"twitter:label1\" content=\"Estimation du temps de lecture\" \/>\n\t<meta name=\"twitter:data1\" content=\"1 minute\" \/>\n<script type=\"application\/ld+json\" class=\"yoast-schema-graph\">{\"@context\":\"https:\/\/schema.org\",\"@graph\":[{\"@type\":\"WebPage\",\"@id\":\"https:\/\/taurusmoonconsultation.com\/\",\"url\":\"https:\/\/taurusmoonconsultation.com\/\",\"name\":\"Home - Taurus Moon Consultation\",\"isPartOf\":{\"@id\":\"https:\/\/taurusmoonconsultation.com\/#website\"},\"primaryImageOfPage\":{\"@id\":\"https:\/\/taurusmoonconsultation.com\/#primaryimage\"},\"image\":{\"@id\":\"https:\/\/taurusmoonconsultation.com\/#primaryimage\"},\"thumbnailUrl\":\"https:\/\/taurusmoonconsultation.com\/wp-content\/uploads\/2024\/02\/let-the-moon-guide-you3-1536x864.png\",\"datePublished\":\"2024-02-19T06:43:00+00:00\",\"dateModified\":\"2025-08-29T17:39:08+00:00\",\"breadcrumb\":{\"@id\":\"https:\/\/taurusmoonconsultation.com\/#breadcrumb\"},\"inLanguage\":\"fr-CA\",\"potentialAction\":[{\"@type\":\"ReadAction\",\"target\":[\"https:\/\/taurusmoonconsultation.com\/\"]}]},{\"@type\":\"ImageObject\",\"inLanguage\":\"fr-CA\",\"@id\":\"https:\/\/taurusmoonconsultation.com\/#primaryimage\",\"url\":\"https:\/\/taurusmoonconsultation.com\/wp-content\/uploads\/2024\/02\/let-the-moon-guide-you3-1536x864.png\",\"contentUrl\":\"https:\/\/taurusmoonconsultation.com\/wp-content\/uploads\/2024\/02\/let-the-moon-guide-you3-1536x864.png\"},{\"@type\":\"BreadcrumbList\",\"@id\":\"https:\/\/taurusmoonconsultation.com\/#breadcrumb\",\"itemListElement\":[{\"@type\":\"ListItem\",\"position\":1,\"name\":\"Home\",\"item\":\"https:\/\/taurusmoonconsultation.com\/\"},{\"@type\":\"ListItem\",\"position\":2,\"name\":\"Home\"}]},{\"@type\":\"WebSite\",\"@id\":\"https:\/\/taurusmoonconsultation.com\/#website\",\"url\":\"https:\/\/taurusmoonconsultation.com\/\",\"name\":\"Taurus Moon Consultation\",\"description\":\"Astrology and Tarot Consultation services to empower empaths and misfits. Book a session for insightful readings and personalized coaching.\",\"publisher\":{\"@id\":\"https:\/\/taurusmoonconsultation.com\/#organization\"},\"potentialAction\":[{\"@type\":\"SearchAction\",\"target\":{\"@type\":\"EntryPoint\",\"urlTemplate\":\"https:\/\/taurusmoonconsultation.com\/?s={search_term_string}\"},\"query-input\":{\"@type\":\"PropertyValueSpecification\",\"valueRequired\":true,\"valueName\":\"search_term_string\"}}],\"inLanguage\":\"fr-CA\"},{\"@type\":\"Organization\",\"@id\":\"https:\/\/taurusmoonconsultation.com\/#organization\",\"name\":\"Taurus Moon Consultation\",\"url\":\"https:\/\/taurusmoonconsultation.com\/\",\"logo\":{\"@type\":\"ImageObject\",\"inLanguage\":\"fr-CA\",\"@id\":\"https:\/\/taurusmoonconsultation.com\/#\/schema\/logo\/image\/\",\"url\":\"https:\/\/taurusmoonconsultation.com\/wp-content\/uploads\/2024\/11\/cropped-Logo-Taurus-Moon-624.png\",\"contentUrl\":\"https:\/\/taurusmoonconsultation.com\/wp-content\/uploads\/2024\/11\/cropped-Logo-Taurus-Moon-624.png\",\"width\":625,\"height\":625,\"caption\":\"Taurus Moon Consultation\"},\"image\":{\"@id\":\"https:\/\/taurusmoonconsultation.com\/#\/schema\/logo\/image\/\"}}]}<\/script>\n<!-- \/ Yoast SEO plugin. -->","yoast_head_json":{"title":"Home - Taurus Moon Consultation","robots":{"index":"index","follow":"follow","max-snippet":"max-snippet:-1","max-image-preview":"max-image-preview:large","max-video-preview":"max-video-preview:-1"},"canonical":"https:\/\/taurusmoonconsultation.com\/fr\/","og_locale":"fr_CA","og_type":"article","og_title":"Home - Taurus Moon Consultation","og_description":"Astrology and Tarot Consultation services to empower empaths and misfits. Incense, soothing music, soft blankets, great food, hot beverage ; [&hellip;]","og_url":"https:\/\/taurusmoonconsultation.com\/fr\/","og_site_name":"Taurus Moon Consultation","article_modified_time":"2025-08-29T17:39:08+00:00","og_image":[{"width":1024,"height":576,"url":"https:\/\/taurusmoonconsultation.com\/wp-content\/uploads\/2024\/02\/let-the-moon-guide-you3-1024x576.png","type":"image\/png"}],"twitter_card":"summary_large_image","twitter_misc":{"Estimation du temps de lecture":"1 minute"},"schema":{"@context":"https:\/\/schema.org","@graph":[{"@type":"WebPage","@id":"https:\/\/taurusmoonconsultation.com\/","url":"https:\/\/taurusmoonconsultation.com\/","name":"Home - Taurus Moon Consultation","isPartOf":{"@id":"https:\/\/taurusmoonconsultation.com\/#website"},"primaryImageOfPage":{"@id":"https:\/\/taurusmoonconsultation.com\/#primaryimage"},"image":{"@id":"https:\/\/taurusmoonconsultation.com\/#primaryimage"},"thumbnailUrl":"https:\/\/taurusmoonconsultation.com\/wp-content\/uploads\/2024\/02\/let-the-moon-guide-you3-1536x864.png","datePublished":"2024-02-19T06:43:00+00:00","dateModified":"2025-08-29T17:39:08+00:00","breadcrumb":{"@id":"https:\/\/taurusmoonconsultation.com\/#breadcrumb"},"inLanguage":"fr-CA","potentialAction":[{"@type":"ReadAction","target":["https:\/\/taurusmoonconsultation.com\/"]}]},{"@type":"ImageObject","inLanguage":"fr-CA","@id":"https:\/\/taurusmoonconsultation.com\/#primaryimage","url":"https:\/\/taurusmoonconsultation.com\/wp-content\/uploads\/2024\/02\/let-the-moon-guide-you3-1536x864.png","contentUrl":"https:\/\/taurusmoonconsultation.com\/wp-content\/uploads\/2024\/02\/let-the-moon-guide-you3-1536x864.png"},{"@type":"BreadcrumbList","@id":"https:\/\/taurusmoonconsultation.com\/#breadcrumb","itemListElement":[{"@type":"ListItem","position":1,"name":"Home","item":"https:\/\/taurusmoonconsultation.com\/"},{"@type":"ListItem","position":2,"name":"Home"}]},{"@type":"WebSite","@id":"https:\/\/taurusmoonconsultation.com\/#website","url":"https:\/\/taurusmoonconsultation.com\/","name":"Taurus Moon Consultation","description":"Astrology and Tarot Consultation services to empower empaths and misfits. Book a session for insightful readings and personalized coaching.","publisher":{"@id":"https:\/\/taurusmoonconsultation.com\/#organization"},"potentialAction":[{"@type":"SearchAction","target":{"@type":"EntryPoint","urlTemplate":"https:\/\/taurusmoonconsultation.com\/?s={search_term_string}"},"query-input":{"@type":"PropertyValueSpecification","valueRequired":true,"valueName":"search_term_string"}}],"inLanguage":"fr-CA"},{"@type":"Organization","@id":"https:\/\/taurusmoonconsultation.com\/#organization","name":"Taurus Moon Consultation","url":"https:\/\/taurusmoonconsultation.com\/","logo":{"@type":"ImageObject","inLanguage":"fr-CA","@id":"https:\/\/taurusmoonconsultation.com\/#\/schema\/logo\/image\/","url":"https:\/\/taurusmoonconsultation.com\/wp-content\/uploads\/2024\/11\/cropped-Logo-Taurus-Moon-624.png","contentUrl":"https:\/\/taurusmoonconsultation.com\/wp-content\/uploads\/2024\/11\/cropped-Logo-Taurus-Moon-624.png","width":625,"height":625,"caption":"Taurus Moon Consultation"},"image":{"@id":"https:\/\/taurusmoonconsultation.com\/#\/schema\/logo\/image\/"}}]}},"_links":{"self":[{"href":"https:\/\/taurusmoonconsultation.com\/fr\/wp-json\/wp\/v2\/pages\/88","targetHints":{"allow":["GET"]}}],"collection":[{"href":"https:\/\/taurusmoonconsultation.com\/fr\/wp-json\/wp\/v2\/pages"}],"about":[{"href":"https:\/\/taurusmoonconsultation.com\/fr\/wp-json\/wp\/v2\/types\/page"}],"author":[{"embeddable":true,"href":"https:\/\/taurusmoonconsultation.com\/fr\/wp-json\/wp\/v2\/users\/2"}],"replies":[{"embeddable":true,"href":"https:\/\/taurusmoonconsultation.com\/fr\/wp-json\/wp\/v2\/comments?post=88"}],"version-history":[{"count":173,"href":"https:\/\/taurusmoonconsultation.com\/fr\/wp-json\/wp\/v2\/pages\/88\/revisions"}],"predecessor-version":[{"id":619,"href":"https:\/\/taurusmoonconsultation.com\/fr\/wp-json\/wp\/v2\/pages\/88\/revisions\/619"}],"wp:attachment":[{"href":"https:\/\/taurusmoonconsultation.com\/fr\/wp-json\/wp\/v2\/media?parent=88"}],"curies":[{"name":"wp","href":"https:\/\/api.w.org\/{rel}","templated":true}]}}