{"id":22,"date":"2024-02-17T18:54:58","date_gmt":"2024-02-17T18:54:58","guid":{"rendered":"https:\/\/taurusmoonconsultation.com\/?page_id=22"},"modified":"2024-11-04T14:17:18","modified_gmt":"2024-11-04T19:17:18","slug":"about-me","status":"publish","type":"page","link":"https:\/\/taurusmoonconsultation.com\/fr\/about-me\/","title":{"rendered":"Qui suis-je?"},"content":{"rendered":"<div data-elementor-type=\"wp-page\" data-elementor-id=\"22\" class=\"elementor elementor-22\">\n\t\t\t\t<div class=\"elementor-element elementor-element-6199a2f e-flex e-con-boxed e-con e-parent\" data-id=\"6199a2f\" data-element_type=\"container\" data-e-type=\"container\">\n\t\t\t\t\t<div class=\"e-con-inner\">\n\t\t\t\t<div class=\"elementor-element elementor-element-1c33d15 elementor-widget elementor-widget-heading\" data-id=\"1c33d15\" data-element_type=\"widget\" data-e-type=\"widget\" data-widget_type=\"heading.default\">\n\t\t\t\t<div class=\"elementor-widget-container\">\n\t\t\t\t\t<h2 class=\"elementor-heading-title elementor-size-default\">La magie est partout<\/h2>\t\t\t\t<\/div>\n\t\t\t\t<\/div>\n\t\t\t\t\t<\/div>\n\t\t\t\t<\/div>\n\t\t<div class=\"elementor-element elementor-element-96cda43 e-flex e-con-boxed e-con e-parent\" data-id=\"96cda43\" data-element_type=\"container\" data-e-type=\"container\">\n\t\t\t\t\t<div class=\"e-con-inner\">\n\t\t<div class=\"elementor-element elementor-element-d2f0e8d e-con-full e-flex e-con e-child\" data-id=\"d2f0e8d\" data-element_type=\"container\" data-e-type=\"container\">\n\t\t\t\t<div class=\"elementor-element elementor-element-ddabc3f elementor-widget elementor-widget-image\" data-id=\"ddabc3f\" data-element_type=\"widget\" data-e-type=\"widget\" data-widget_type=\"image.default\">\n\t\t\t\t<div class=\"elementor-widget-container\">\n\t\t\t\t\t\t\t\t\t\t\t\t\t\t\t<img fetchpriority=\"high\" decoding=\"async\" width=\"768\" height=\"1152\" src=\"https:\/\/taurusmoonconsultation.com\/wp-content\/uploads\/2024\/11\/Plante-petit-format-768x1152.png\" class=\"attachment-medium_large size-medium_large wp-image-487\" alt=\"\" srcset=\"https:\/\/taurusmoonconsultation.com\/wp-content\/uploads\/2024\/11\/Plante-petit-format-768x1152.png 768w, https:\/\/taurusmoonconsultation.com\/wp-content\/uploads\/2024\/11\/Plante-petit-format-200x300.png 200w, https:\/\/taurusmoonconsultation.com\/wp-content\/uploads\/2024\/11\/Plante-petit-format-683x1024.png 683w, https:\/\/taurusmoonconsultation.com\/wp-content\/uploads\/2024\/11\/Plante-petit-format-1024x1536.png 1024w, https:\/\/taurusmoonconsultation.com\/wp-content\/uploads\/2024\/11\/Plante-petit-format-1365x2048.png 1365w, https:\/\/taurusmoonconsultation.com\/wp-content\/uploads\/2024\/11\/Plante-petit-format-8x12.png 8w, https:\/\/taurusmoonconsultation.com\/wp-content\/uploads\/2024\/11\/Plante-petit-format.png 1824w\" sizes=\"(max-width: 768px) 100vw, 768px\" \/>\t\t\t\t\t\t\t\t\t\t\t\t\t\t\t<\/div>\n\t\t\t\t<\/div>\n\t\t\t\t<\/div>\n\t\t<div class=\"elementor-element elementor-element-51aa50c e-con-full e-flex e-con e-child\" data-id=\"51aa50c\" data-element_type=\"container\" data-e-type=\"container\">\n\t\t\t\t<div class=\"elementor-element elementor-element-4e14024 elementor-widget elementor-widget-text-editor\" data-id=\"4e14024\" data-element_type=\"widget\" data-e-type=\"widget\" data-widget_type=\"text-editor.default\">\n\t\t\t\t<div class=\"elementor-widget-container\">\n\t\t\t\t\t\t\t\t\t<p><strong>La magie et les \u00e9nergies ont toujours fait partie de moi, mais j'avais trop peur de le reconna\u00eetre.<\/strong><\/p><p>J'ai donc commenc\u00e9 mon parcours de mani\u00e8re plus \"traditionnelle\" : un baccalaur\u00e9at en psychologie en poche, suivi des \u00e9tudes \u00e0 la ma\u00eetrise en travail social et en \u00e9tudes sur le genre. Apr\u00e8s presqu'une d\u00e9cennie \u00e0 travailler en intervention psychosociale, je sentais qu'il manquait quelque chose. En intervention, on parlait des patrons cognitifs, des \u00e9motions, des besoins physiques, mais on ne parlait jamais du c\u00f4t\u00e9 spirituel ni m\u00eame \u00e9nerg\u00e9tique. J'ai donc d\u00e9velopp\u00e9 une connaissance de sorci\u00e8re en parall\u00e8le : <strong>crystaux, astrologie, tarot, soins \u00e9nerg\u00e9tiques, plantes et huiles.<\/strong><\/p><p>Je suis convaincue que la spiritualit\u00e9 - et tout ce qui se rapproche de cet univers - est un outil puissant pour apprendre, pour gu\u00e9rir et pour <strong>incorporer notre vrai soi<\/strong>. J'ai d\u00e9cid\u00e9 de combiner mon savoir acad\u00e9mique avec un savoir plus \u00e9sot\u00e9rique pour offrir une exp\u00e9rience plus humaine et personnalis\u00e9e.<\/p><p><strong>Taurus Moon se veut un espace o\u00f9 il est possible d'aligner le corps, l'esprit, les \u00e9motions et les \u00e9nergies pour avancer avec confiance et authenticit\u00e9. <br \/><br \/><\/strong><em>*Merci Olivier Campeau (@olitakesshots) pour cette belle photo!*<\/em><strong><br \/><\/strong><\/p>\t\t\t\t\t\t\t\t<\/div>\n\t\t\t\t<\/div>\n\t\t\t\t<\/div>\n\t\t\t\t\t<\/div>\n\t\t\t\t<\/div>\n\t\t<div class=\"elementor-element elementor-element-e9d600c e-flex e-con-boxed e-con e-parent\" data-id=\"e9d600c\" data-element_type=\"container\" data-e-type=\"container\">\n\t\t\t\t\t<div class=\"e-con-inner\">\n\t\t\t\t<div class=\"elementor-element elementor-element-5811be9 elementor-arrows-position-inside elementor-pagination-position-outside elementor-widget elementor-widget-image-carousel\" data-id=\"5811be9\" data-element_type=\"widget\" data-e-type=\"widget\" data-settings=\"{&quot;navigation&quot;:&quot;both&quot;,&quot;autoplay&quot;:&quot;yes&quot;,&quot;pause_on_hover&quot;:&quot;yes&quot;,&quot;pause_on_interaction&quot;:&quot;yes&quot;,&quot;autoplay_speed&quot;:5000,&quot;infinite&quot;:&quot;yes&quot;,&quot;speed&quot;:500}\" data-widget_type=\"image-carousel.default\">\n\t\t\t\t<div class=\"elementor-widget-container\">\n\t\t\t\t\t\t\t<div class=\"elementor-image-carousel-wrapper swiper\" role=\"region\" aria-roledescription=\"carousel\" aria-label=\"Carrousel d\u2019images\" dir=\"ltr\" data-no-translation-aria-label=\"\">\n\t\t\t<div class=\"elementor-image-carousel swiper-wrapper\" aria-live=\"off\">\n\t\t\t\t\t\t\t\t<div class=\"swiper-slide\" role=\"group\" aria-roledescription=\"slide\" aria-label=\"1 of 4\" data-no-translation-aria-label=\"\"><figure class=\"swiper-slide-inner\"><img decoding=\"async\" class=\"swiper-slide-image\" src=\"https:\/\/taurusmoonconsultation.com\/wp-content\/uploads\/2024\/02\/8.png\" alt=\"7\" \/><\/figure><\/div><div class=\"swiper-slide\" role=\"group\" aria-roledescription=\"slide\" aria-label=\"2 of 4\" data-no-translation-aria-label=\"\"><figure class=\"swiper-slide-inner\"><img decoding=\"async\" class=\"swiper-slide-image\" src=\"https:\/\/taurusmoonconsultation.com\/wp-content\/uploads\/2024\/05\/4.png\" alt=\"3\" \/><\/figure><\/div><div class=\"swiper-slide\" role=\"group\" aria-roledescription=\"slide\" aria-label=\"3 of 4\" data-no-translation-aria-label=\"\"><figure class=\"swiper-slide-inner\"><img decoding=\"async\" class=\"swiper-slide-image\" src=\"https:\/\/taurusmoonconsultation.com\/wp-content\/uploads\/2024\/02\/6.png\" alt=\"5\" \/><\/figure><\/div><div class=\"swiper-slide\" role=\"group\" aria-roledescription=\"slide\" aria-label=\"4 of 4\" data-no-translation-aria-label=\"\"><figure class=\"swiper-slide-inner\"><img decoding=\"async\" class=\"swiper-slide-image\" src=\"https:\/\/taurusmoonconsultation.com\/wp-content\/uploads\/2024\/05\/2.png\" alt=\"T\u00e9moignage1\" \/><\/figure><\/div>\t\t\t<\/div>\n\t\t\t\t\t\t\t\t\t\t\t\t<div class=\"elementor-swiper-button elementor-swiper-button-prev\" role=\"button\" tabindex=\"0\">\n\t\t\t\t\t\t<svg aria-hidden=\"true\" class=\"e-font-icon-svg e-eicon-chevron-left\" viewbox=\"0 0 1000 1000\" xmlns=\"http:\/\/www.w3.org\/2000\/svg\"><path d=\"M646 125C629 125 613 133 604 142L308 442C296 454 292 471 292 487 292 504 296 521 308 533L604 854C617 867 629 875 646 875 663 875 679 871 692 858 704 846 713 829 713 812 713 796 708 779 692 767L438 487 692 225C700 217 708 204 708 187 708 171 704 154 692 142 675 129 663 125 646 125Z\"><\/path><\/svg>\t\t\t\t\t<\/div>\n\t\t\t\t\t<div class=\"elementor-swiper-button elementor-swiper-button-next\" role=\"button\" tabindex=\"0\">\n\t\t\t\t\t\t<svg aria-hidden=\"true\" class=\"e-font-icon-svg e-eicon-chevron-right\" viewbox=\"0 0 1000 1000\" xmlns=\"http:\/\/www.w3.org\/2000\/svg\"><path d=\"M696 533C708 521 713 504 713 487 713 471 708 454 696 446L400 146C388 133 375 125 354 125 338 125 325 129 313 142 300 154 292 171 292 187 292 204 296 221 308 233L563 492 304 771C292 783 288 800 288 817 288 833 296 850 308 863 321 871 338 875 354 875 371 875 388 867 400 854L696 533Z\"><\/path><\/svg>\t\t\t\t\t<\/div>\n\t\t\t\t\n\t\t\t\t\t\t\t\t\t<div class=\"swiper-pagination\"><\/div>\n\t\t\t\t\t\t\t\t\t<\/div>\n\t\t\t\t\t\t<\/div>\n\t\t\t\t<\/div>\n\t\t\t\t\t<\/div>\n\t\t\t\t<\/div>\n\t\t\t\t<\/div>","protected":false},"excerpt":{"rendered":"<p>Magic is everywhere Magic has always been a part of me, but I was too afraid to address it. I [&hellip;]<\/p>\n","protected":false},"author":2,"featured_media":0,"parent":0,"menu_order":0,"comment_status":"closed","ping_status":"closed","template":"","meta":{"site-sidebar-layout":"default","site-content-layout":"","ast-site-content-layout":"default","site-content-style":"default","site-sidebar-style":"default","ast-global-header-display":"","ast-banner-title-visibility":"","ast-main-header-display":"","ast-hfb-above-header-display":"","ast-hfb-below-header-display":"","ast-hfb-mobile-header-display":"","site-post-title":"","ast-breadcrumbs-content":"","ast-featured-img":"","footer-sml-layout":"","ast-disable-related-posts":"","theme-transparent-header-meta":"","adv-header-id-meta":"","stick-header-meta":"","header-above-stick-meta":"","header-main-stick-meta":"","header-below-stick-meta":"","astra-migrate-meta-layouts":"default","ast-page-background-enabled":"default","ast-page-background-meta":{"desktop":{"background-color":"var(--ast-global-color-4)","background-image":"","background-repeat":"repeat","background-position":"center center","background-size":"auto","background-attachment":"scroll","background-type":"","background-media":"","overlay-type":"","overlay-color":"","overlay-opacity":"","overlay-gradient":""},"tablet":{"background-color":"","background-image":"","background-repeat":"repeat","background-position":"center center","background-size":"auto","background-attachment":"scroll","background-type":"","background-media":"","overlay-type":"","overlay-color":"","overlay-opacity":"","overlay-gradient":""},"mobile":{"background-color":"","background-image":"","background-repeat":"repeat","background-position":"center center","background-size":"auto","background-attachment":"scroll","background-type":"","background-media":"","overlay-type":"","overlay-color":"","overlay-opacity":"","overlay-gradient":""}},"ast-content-background-meta":{"desktop":{"background-color":"var(--ast-global-color-5)","background-image":"","background-repeat":"repeat","background-position":"center center","background-size":"auto","background-attachment":"scroll","background-type":"","background-media":"","overlay-type":"","overlay-color":"","overlay-opacity":"","overlay-gradient":""},"tablet":{"background-color":"var(--ast-global-color-5)","background-image":"","background-repeat":"repeat","background-position":"center center","background-size":"auto","background-attachment":"scroll","background-type":"","background-media":"","overlay-type":"","overlay-color":"","overlay-opacity":"","overlay-gradient":""},"mobile":{"background-color":"var(--ast-global-color-5)","background-image":"","background-repeat":"repeat","background-position":"center center","background-size":"auto","background-attachment":"scroll","background-type":"","background-media":"","overlay-type":"","overlay-color":"","overlay-opacity":"","overlay-gradient":""}},"footnotes":""},"class_list":["post-22","page","type-page","status-publish","hentry"],"yoast_head":"<!-- This site is optimized with the Yoast SEO plugin v26.9 - https:\/\/yoast.com\/product\/yoast-seo-wordpress\/ -->\n<title>Who am I? - Taurus Moon Consultation<\/title>\n<meta name=\"robots\" content=\"index, follow, max-snippet:-1, max-image-preview:large, max-video-preview:-1\" \/>\n<link rel=\"canonical\" href=\"https:\/\/taurusmoonconsultation.com\/fr\/about-me\/\" \/>\n<meta property=\"og:locale\" content=\"fr_CA\" \/>\n<meta property=\"og:type\" content=\"article\" \/>\n<meta property=\"og:title\" content=\"Who am I? - Taurus Moon Consultation\" \/>\n<meta property=\"og:description\" content=\"Magic is everywhere Magic has always been a part of me, but I was too afraid to address it. I [&hellip;]\" \/>\n<meta property=\"og:url\" content=\"https:\/\/taurusmoonconsultation.com\/fr\/about-me\/\" \/>\n<meta property=\"og:site_name\" content=\"Taurus Moon Consultation\" \/>\n<meta property=\"article:modified_time\" content=\"2024-11-04T19:17:18+00:00\" \/>\n<meta property=\"og:image\" content=\"https:\/\/taurusmoonconsultation.com\/wp-content\/uploads\/2024\/11\/Plante-petit-format-768x1152.png\" \/>\n<meta name=\"twitter:card\" content=\"summary_large_image\" \/>\n<meta name=\"twitter:label1\" content=\"Estimation du temps de lecture\" \/>\n\t<meta name=\"twitter:data1\" content=\"3 minutes\" \/>\n<script type=\"application\/ld+json\" class=\"yoast-schema-graph\">{\"@context\":\"https:\/\/schema.org\",\"@graph\":[{\"@type\":\"WebPage\",\"@id\":\"https:\/\/taurusmoonconsultation.com\/about-me\/\",\"url\":\"https:\/\/taurusmoonconsultation.com\/about-me\/\",\"name\":\"Who am I? - Taurus Moon Consultation\",\"isPartOf\":{\"@id\":\"https:\/\/taurusmoonconsultation.com\/#website\"},\"primaryImageOfPage\":{\"@id\":\"https:\/\/taurusmoonconsultation.com\/about-me\/#primaryimage\"},\"image\":{\"@id\":\"https:\/\/taurusmoonconsultation.com\/about-me\/#primaryimage\"},\"thumbnailUrl\":\"https:\/\/taurusmoonconsultation.com\/wp-content\/uploads\/2024\/11\/Plante-petit-format-768x1152.png\",\"datePublished\":\"2024-02-17T18:54:58+00:00\",\"dateModified\":\"2024-11-04T19:17:18+00:00\",\"breadcrumb\":{\"@id\":\"https:\/\/taurusmoonconsultation.com\/about-me\/#breadcrumb\"},\"inLanguage\":\"fr-CA\",\"potentialAction\":[{\"@type\":\"ReadAction\",\"target\":[\"https:\/\/taurusmoonconsultation.com\/about-me\/\"]}]},{\"@type\":\"ImageObject\",\"inLanguage\":\"fr-CA\",\"@id\":\"https:\/\/taurusmoonconsultation.com\/about-me\/#primaryimage\",\"url\":\"https:\/\/taurusmoonconsultation.com\/wp-content\/uploads\/2024\/11\/Plante-petit-format-768x1152.png\",\"contentUrl\":\"https:\/\/taurusmoonconsultation.com\/wp-content\/uploads\/2024\/11\/Plante-petit-format-768x1152.png\"},{\"@type\":\"BreadcrumbList\",\"@id\":\"https:\/\/taurusmoonconsultation.com\/about-me\/#breadcrumb\",\"itemListElement\":[{\"@type\":\"ListItem\",\"position\":1,\"name\":\"Home\",\"item\":\"https:\/\/taurusmoonconsultation.com\/\"},{\"@type\":\"ListItem\",\"position\":2,\"name\":\"Who am I?\"}]},{\"@type\":\"WebSite\",\"@id\":\"https:\/\/taurusmoonconsultation.com\/#website\",\"url\":\"https:\/\/taurusmoonconsultation.com\/\",\"name\":\"Taurus Moon Consultation\",\"description\":\"Astrology and Tarot Consultation services to empower empaths and misfits. Book a session for insightful readings and personalized coaching.\",\"publisher\":{\"@id\":\"https:\/\/taurusmoonconsultation.com\/#organization\"},\"potentialAction\":[{\"@type\":\"SearchAction\",\"target\":{\"@type\":\"EntryPoint\",\"urlTemplate\":\"https:\/\/taurusmoonconsultation.com\/?s={search_term_string}\"},\"query-input\":{\"@type\":\"PropertyValueSpecification\",\"valueRequired\":true,\"valueName\":\"search_term_string\"}}],\"inLanguage\":\"fr-CA\"},{\"@type\":\"Organization\",\"@id\":\"https:\/\/taurusmoonconsultation.com\/#organization\",\"name\":\"Taurus Moon Consultation\",\"url\":\"https:\/\/taurusmoonconsultation.com\/\",\"logo\":{\"@type\":\"ImageObject\",\"inLanguage\":\"fr-CA\",\"@id\":\"https:\/\/taurusmoonconsultation.com\/#\/schema\/logo\/image\/\",\"url\":\"https:\/\/taurusmoonconsultation.com\/wp-content\/uploads\/2024\/11\/cropped-Logo-Taurus-Moon-624.png\",\"contentUrl\":\"https:\/\/taurusmoonconsultation.com\/wp-content\/uploads\/2024\/11\/cropped-Logo-Taurus-Moon-624.png\",\"width\":625,\"height\":625,\"caption\":\"Taurus Moon Consultation\"},\"image\":{\"@id\":\"https:\/\/taurusmoonconsultation.com\/#\/schema\/logo\/image\/\"}}]}<\/script>\n<!-- \/ Yoast SEO plugin. -->","yoast_head_json":{"title":"Who am I? - Taurus Moon Consultation","robots":{"index":"index","follow":"follow","max-snippet":"max-snippet:-1","max-image-preview":"max-image-preview:large","max-video-preview":"max-video-preview:-1"},"canonical":"https:\/\/taurusmoonconsultation.com\/fr\/about-me\/","og_locale":"fr_CA","og_type":"article","og_title":"Who am I? - Taurus Moon Consultation","og_description":"Magic is everywhere Magic has always been a part of me, but I was too afraid to address it. I [&hellip;]","og_url":"https:\/\/taurusmoonconsultation.com\/fr\/about-me\/","og_site_name":"Taurus Moon Consultation","article_modified_time":"2024-11-04T19:17:18+00:00","og_image":[{"url":"https:\/\/taurusmoonconsultation.com\/wp-content\/uploads\/2024\/11\/Plante-petit-format-768x1152.png","type":"","width":"","height":""}],"twitter_card":"summary_large_image","twitter_misc":{"Estimation du temps de lecture":"3 minutes"},"schema":{"@context":"https:\/\/schema.org","@graph":[{"@type":"WebPage","@id":"https:\/\/taurusmoonconsultation.com\/about-me\/","url":"https:\/\/taurusmoonconsultation.com\/about-me\/","name":"Who am I? - Taurus Moon Consultation","isPartOf":{"@id":"https:\/\/taurusmoonconsultation.com\/#website"},"primaryImageOfPage":{"@id":"https:\/\/taurusmoonconsultation.com\/about-me\/#primaryimage"},"image":{"@id":"https:\/\/taurusmoonconsultation.com\/about-me\/#primaryimage"},"thumbnailUrl":"https:\/\/taurusmoonconsultation.com\/wp-content\/uploads\/2024\/11\/Plante-petit-format-768x1152.png","datePublished":"2024-02-17T18:54:58+00:00","dateModified":"2024-11-04T19:17:18+00:00","breadcrumb":{"@id":"https:\/\/taurusmoonconsultation.com\/about-me\/#breadcrumb"},"inLanguage":"fr-CA","potentialAction":[{"@type":"ReadAction","target":["https:\/\/taurusmoonconsultation.com\/about-me\/"]}]},{"@type":"ImageObject","inLanguage":"fr-CA","@id":"https:\/\/taurusmoonconsultation.com\/about-me\/#primaryimage","url":"https:\/\/taurusmoonconsultation.com\/wp-content\/uploads\/2024\/11\/Plante-petit-format-768x1152.png","contentUrl":"https:\/\/taurusmoonconsultation.com\/wp-content\/uploads\/2024\/11\/Plante-petit-format-768x1152.png"},{"@type":"BreadcrumbList","@id":"https:\/\/taurusmoonconsultation.com\/about-me\/#breadcrumb","itemListElement":[{"@type":"ListItem","position":1,"name":"Home","item":"https:\/\/taurusmoonconsultation.com\/"},{"@type":"ListItem","position":2,"name":"Who am I?"}]},{"@type":"WebSite","@id":"https:\/\/taurusmoonconsultation.com\/#website","url":"https:\/\/taurusmoonconsultation.com\/","name":"Taurus Moon Consultation","description":"Astrology and Tarot Consultation services to empower empaths and misfits. Book a session for insightful readings and personalized coaching.","publisher":{"@id":"https:\/\/taurusmoonconsultation.com\/#organization"},"potentialAction":[{"@type":"SearchAction","target":{"@type":"EntryPoint","urlTemplate":"https:\/\/taurusmoonconsultation.com\/?s={search_term_string}"},"query-input":{"@type":"PropertyValueSpecification","valueRequired":true,"valueName":"search_term_string"}}],"inLanguage":"fr-CA"},{"@type":"Organization","@id":"https:\/\/taurusmoonconsultation.com\/#organization","name":"Taurus Moon Consultation","url":"https:\/\/taurusmoonconsultation.com\/","logo":{"@type":"ImageObject","inLanguage":"fr-CA","@id":"https:\/\/taurusmoonconsultation.com\/#\/schema\/logo\/image\/","url":"https:\/\/taurusmoonconsultation.com\/wp-content\/uploads\/2024\/11\/cropped-Logo-Taurus-Moon-624.png","contentUrl":"https:\/\/taurusmoonconsultation.com\/wp-content\/uploads\/2024\/11\/cropped-Logo-Taurus-Moon-624.png","width":625,"height":625,"caption":"Taurus Moon Consultation"},"image":{"@id":"https:\/\/taurusmoonconsultation.com\/#\/schema\/logo\/image\/"}}]}},"_links":{"self":[{"href":"https:\/\/taurusmoonconsultation.com\/fr\/wp-json\/wp\/v2\/pages\/22","targetHints":{"allow":["GET"]}}],"collection":[{"href":"https:\/\/taurusmoonconsultation.com\/fr\/wp-json\/wp\/v2\/pages"}],"about":[{"href":"https:\/\/taurusmoonconsultation.com\/fr\/wp-json\/wp\/v2\/types\/page"}],"author":[{"embeddable":true,"href":"https:\/\/taurusmoonconsultation.com\/fr\/wp-json\/wp\/v2\/users\/2"}],"replies":[{"embeddable":true,"href":"https:\/\/taurusmoonconsultation.com\/fr\/wp-json\/wp\/v2\/comments?post=22"}],"version-history":[{"count":52,"href":"https:\/\/taurusmoonconsultation.com\/fr\/wp-json\/wp\/v2\/pages\/22\/revisions"}],"predecessor-version":[{"id":492,"href":"https:\/\/taurusmoonconsultation.com\/fr\/wp-json\/wp\/v2\/pages\/22\/revisions\/492"}],"wp:attachment":[{"href":"https:\/\/taurusmoonconsultation.com\/fr\/wp-json\/wp\/v2\/media?parent=22"}],"curies":[{"name":"wp","href":"https:\/\/api.w.org\/{rel}","templated":true}]}}